{"id":421,"date":"2022-02-23T12:41:16","date_gmt":"2022-02-23T11:41:16","guid":{"rendered":"http:\/\/www.adwareinformatique.fr\/?page_id=421"},"modified":"2022-02-23T12:46:58","modified_gmt":"2022-02-23T11:46:58","slug":"serveur-dimpression","status":"publish","type":"page","link":"https:\/\/www.adwareinformatique.fr\/?page_id=421","title":{"rendered":"Serveur d&rsquo;impression"},"content":{"rendered":"\n<p>Le&nbsp;serveur d&rsquo;impression est un serveur qui permet de partager une ou plusieurs imprimantes entre plusieurs utilisateurs (ou ordinateurs) situ\u00e9s sur un m\u00eame r\u00e9seau informatique.<\/p>\n\n\n\n<ul class=\"wp-block-list\"><li>Serveur de fichiers<\/li><li>Serveur web dynamique<\/li><li>Serveur de messagerie<\/li><li>Serveur de t\u00e9l\u00e9phonie fax &amp; impression<\/li><li>S\u00e9curit\u00e9 serveur<\/li><\/ul>\n\n\n\n<p>Le serveur dispose&nbsp;d&rsquo;une connexion r\u00e9seau (un port RJ45 pour un r\u00e9seau \u00e9thernet) g\u00e9rant les protocoles r\u00e9seaux (TCP\/IP, NetBEUI, AppleTalk)).<\/p>\n\n\n\n<p>D&rsquo;une ou plusieurs connexions \u00e0 des imprimantes.<\/p>\n\n\n\n<p>La plupart des serveurs d&rsquo;impression disposent de connexions USB ; certains disposent \u00e9galement de ports parall\u00e8les.<\/p>\n\n\n\n<p>Certains serveurs d&rsquo;impressions ne sont pas connect\u00e9s directement par leur c\u00e2ble d&rsquo;interface aux imprimantes.<\/p>\n\n\n\n<p>Ces derni\u00e8res sont connect\u00e9es via le r\u00e9seau, les imprimantes professionnelles connect\u00e9es directement sur le r\u00e9seau permettent&nbsp;une r\u00e9partition au sein &nbsp;de l&rsquo;entreprise.<\/p>\n\n\n\n<p>Un serveur d&rsquo;impression doit toujours rester sous tension et il est pr\u00e9f\u00e9rable qu&rsquo;il ait une adresse IP fixe.<\/p>\n\n\n\n<p>Nous mettons \u00e0 votre disposition, notre savoir faire ainsi que notre exp\u00e9rience, pour vous conseiller dans la mise en place de votre syst\u00e8me de r\u00e9seau d&rsquo;impression.<\/p>\n\n\n\n<p>N&rsquo;h\u00e9sitez pas \u00e0 nous contacter ou \u00e0 nous demander un devis.<\/p>\n\n\n\n<p>Nos serveurs d&rsquo;impression, sont des mat\u00e9riels de grande marque.<\/p>\n","protected":false},"excerpt":{"rendered":"<p>Le&nbsp;serveur d&rsquo;impression est un serveur qui permet de partager une ou plusieurs imprimantes entre plusieurs utilisateurs (ou ordinateurs) situ\u00e9s sur un m\u00eame r\u00e9seau informatique. Serveur de fichiers Serveur web dynamique Serveur de messagerie Serveur de t\u00e9l\u00e9phonie fax &amp; impression S\u00e9curit\u00e9 serveur Le serveur dispose&nbsp;d&rsquo;une connexion r\u00e9seau (un port RJ45 pour un r\u00e9seau \u00e9thernet) g\u00e9rant les [&hellip;]<\/p>\n","protected":false},"author":1,"featured_media":0,"parent":0,"menu_order":0,"comment_status":"closed","ping_status":"closed","template":"templates\/template_page-full-width.php","meta":{"footnotes":""},"class_list":["post-421","page","type-page","status-publish","hentry"],"_links":{"self":[{"href":"https:\/\/www.adwareinformatique.fr\/index.php?rest_route=\/wp\/v2\/pages\/421","targetHints":{"allow":["GET"]}}],"collection":[{"href":"https:\/\/www.adwareinformatique.fr\/index.php?rest_route=\/wp\/v2\/pages"}],"about":[{"href":"https:\/\/www.adwareinformatique.fr\/index.php?rest_route=\/wp\/v2\/types\/page"}],"author":[{"embeddable":true,"href":"https:\/\/www.adwareinformatique.fr\/index.php?rest_route=\/wp\/v2\/users\/1"}],"replies":[{"embeddable":true,"href":"https:\/\/www.adwareinformatique.fr\/index.php?rest_route=%2Fwp%2Fv2%2Fcomments&post=421"}],"version-history":[{"count":2,"href":"https:\/\/www.adwareinformatique.fr\/index.php?rest_route=\/wp\/v2\/pages\/421\/revisions"}],"predecessor-version":[{"id":435,"href":"https:\/\/www.adwareinformatique.fr\/index.php?rest_route=\/wp\/v2\/pages\/421\/revisions\/435"}],"wp:attachment":[{"href":"https:\/\/www.adwareinformatique.fr\/index.php?rest_route=%2Fwp%2Fv2%2Fmedia&parent=421"}],"curies":[{"name":"wp","href":"https:\/\/api.w.org\/{rel}","templated":true}]}}