{"id":415,"date":"2022-02-23T12:40:13","date_gmt":"2022-02-23T11:40:13","guid":{"rendered":"http:\/\/www.adwareinformatique.fr\/?page_id=415"},"modified":"2022-03-02T10:48:48","modified_gmt":"2022-03-02T09:48:48","slug":"bureautique","status":"publish","type":"page","link":"https:\/\/www.adwareinformatique.fr\/?page_id=415","title":{"rendered":"Bureautique"},"content":{"rendered":"\n<div class=\"wp-block-image\"><figure class=\"aligncenter size-full\"><img loading=\"lazy\" decoding=\"async\" width=\"810\" height=\"385\" src=\"https:\/\/www.adwareinformatique.fr\/wp-content\/uploads\/2022\/03\/MAT2RIEL-INFORMATIQUE.png\" alt=\"\" class=\"wp-image-546\" srcset=\"https:\/\/www.adwareinformatique.fr\/wp-content\/uploads\/2022\/03\/MAT2RIEL-INFORMATIQUE.png 810w, https:\/\/www.adwareinformatique.fr\/wp-content\/uploads\/2022\/03\/MAT2RIEL-INFORMATIQUE-300x143.png 300w, https:\/\/www.adwareinformatique.fr\/wp-content\/uploads\/2022\/03\/MAT2RIEL-INFORMATIQUE-768x365.png 768w\" sizes=\"auto, (max-width: 810px) 100vw, 810px\" \/><\/figure><\/div>\n\n\n\n<p><strong>Nos Services Bureautique<\/strong><\/p>\n\n\n\n<ul class=\"wp-block-list\"><li>Impressions Grand Format<\/li><li>Photocopies Noir\/Blanc ou Couleur au format A4 &amp; A3<\/li><li>Consommables imprimante<\/li><li>Reliures<\/li><li>Plastifications<\/li><li>Fax envois et r\u00e9ceptions<\/li><\/ul>\n\n\n\n<p><strong>Si vous avez des questions ou des demandes sp\u00e9ciales, n&rsquo;h\u00e9sitez pas \u00e0 nous appeler ou \u00e0 passer au magasin.&nbsp;<\/strong><\/p>\n\n\n\n<p><strong>Nous trouverons ensemble, la solution la mieux adapt\u00e9e \u00e0 vos besoins.<\/strong><\/p>\n","protected":false},"excerpt":{"rendered":"<p>Nos Services Bureautique Impressions Grand Format Photocopies Noir\/Blanc ou Couleur au format A4 &amp; A3 Consommables imprimante Reliures Plastifications Fax envois et r\u00e9ceptions Si vous avez des questions ou des demandes sp\u00e9ciales, n&rsquo;h\u00e9sitez pas \u00e0 nous appeler ou \u00e0 passer au magasin.&nbsp; Nous trouverons ensemble, la solution la mieux adapt\u00e9e \u00e0 vos besoins.<\/p>\n","protected":false},"author":1,"featured_media":0,"parent":0,"menu_order":0,"comment_status":"closed","ping_status":"closed","template":"templates\/template_page-full-width.php","meta":{"footnotes":""},"class_list":["post-415","page","type-page","status-publish","hentry"],"_links":{"self":[{"href":"https:\/\/www.adwareinformatique.fr\/index.php?rest_route=\/wp\/v2\/pages\/415","targetHints":{"allow":["GET"]}}],"collection":[{"href":"https:\/\/www.adwareinformatique.fr\/index.php?rest_route=\/wp\/v2\/pages"}],"about":[{"href":"https:\/\/www.adwareinformatique.fr\/index.php?rest_route=\/wp\/v2\/types\/page"}],"author":[{"embeddable":true,"href":"https:\/\/www.adwareinformatique.fr\/index.php?rest_route=\/wp\/v2\/users\/1"}],"replies":[{"embeddable":true,"href":"https:\/\/www.adwareinformatique.fr\/index.php?rest_route=%2Fwp%2Fv2%2Fcomments&post=415"}],"version-history":[{"count":4,"href":"https:\/\/www.adwareinformatique.fr\/index.php?rest_route=\/wp\/v2\/pages\/415\/revisions"}],"predecessor-version":[{"id":547,"href":"https:\/\/www.adwareinformatique.fr\/index.php?rest_route=\/wp\/v2\/pages\/415\/revisions\/547"}],"wp:attachment":[{"href":"https:\/\/www.adwareinformatique.fr\/index.php?rest_route=%2Fwp%2Fv2%2Fmedia&parent=415"}],"curies":[{"name":"wp","href":"https:\/\/api.w.org\/{rel}","templated":true}]}}